{"id":12,"date":"2014-06-20T10:00:30","date_gmt":"2014-06-20T08:00:30","guid":{"rendered":"http:\/\/www.joanjgarcia.com\/?page_id=12"},"modified":"2017-02-07T13:07:13","modified_gmt":"2017-02-07T12:07:13","slug":"inici","status":"publish","type":"page","link":"https:\/\/www.joanjgarcia.com\/es\/","title":{"rendered":"Inicio"},"content":{"rendered":"<p>\u00a1Huy! Esta secci\u00f3n est\u00e1 todav\u00eda en construcci\u00f3n&#8230;<br \/>\n\u00a1Vuelve pronto para comprobarla!<\/p>","protected":false},"excerpt":{"rendered":"<p>\u00a1Huy! Esta secci\u00f3n est\u00e1 todav\u00eda en construcci\u00f3n&#8230; \u00a1Vuelve pronto para comprobarla!<\/p>\n","protected":false},"author":2,"featured_media":0,"parent":0,"menu_order":0,"comment_status":"closed","ping_status":"closed","template":"home.php","meta":{"footnotes":""},"class_list":["post-12","page","type-page","status-publish","hentry"],"_links":{"self":[{"href":"https:\/\/www.joanjgarcia.com\/es\/wp-json\/wp\/v2\/pages\/12","targetHints":{"allow":["GET"]}}],"collection":[{"href":"https:\/\/www.joanjgarcia.com\/es\/wp-json\/wp\/v2\/pages"}],"about":[{"href":"https:\/\/www.joanjgarcia.com\/es\/wp-json\/wp\/v2\/types\/page"}],"author":[{"embeddable":true,"href":"https:\/\/www.joanjgarcia.com\/es\/wp-json\/wp\/v2\/users\/2"}],"replies":[{"embeddable":true,"href":"https:\/\/www.joanjgarcia.com\/es\/wp-json\/wp\/v2\/comments?post=12"}],"version-history":[{"count":5,"href":"https:\/\/www.joanjgarcia.com\/es\/wp-json\/wp\/v2\/pages\/12\/revisions"}],"predecessor-version":[{"id":108,"href":"https:\/\/www.joanjgarcia.com\/es\/wp-json\/wp\/v2\/pages\/12\/revisions\/108"}],"wp:attachment":[{"href":"https:\/\/www.joanjgarcia.com\/es\/wp-json\/wp\/v2\/media?parent=12"}],"curies":[{"name":"wp","href":"https:\/\/api.w.org\/{rel}","templated":true}]}}