{"id":23,"date":"2014-06-20T10:01:43","date_gmt":"2014-06-20T08:01:43","guid":{"rendered":"http:\/\/www.joanjgarcia.com\/?page_id=23"},"modified":"2017-02-08T18:12:49","modified_gmt":"2017-02-08T17:12:49","slug":"biografia","status":"publish","type":"page","link":"https:\/\/www.joanjgarcia.com\/ca\/biografia\/","title":{"rendered":"Biografia"},"content":{"rendered":"<p>Nascut a Pedreguer, Marina Alta (Alacant)\u00a0.<br \/>\nDes de ben petit es dedica al teatre, la dansa i el cant, formant part del grup de teatre &#8220;El Morter&#8221; i dirigint el grup de teatre &#8220;Juniors M.D.&#8221;.<br \/>\nTamb\u00e9 forma part del grup de danses de la Marina Alta (de qui crea la posada en escena) i dirigeix la Coral de la Santa Creu.<br \/>\nEs forma a Escola\u00a0ETELL\u00a0de Val\u00e8ncia,\u00a0MK3\u00a0i Escola d&#8217;Actors de Barcelona.<br \/>\nEl 1988\u00a0es trasllada a Barcelona on estudia\u00a0R\u00e0dio\u00a0i Teledifusi\u00f3 a\u00a0MK3\u00a0i\u00a0el 1989\u00a0comen\u00e7a a treballar amb l&#8217;actor\u00a0Cesc\u00a0Queral, que aleshores era l&#8217;estrella del programa &#8220;Tres Pics i Repic\u00f3&#8221; de TV3, on va interpretar durant tres temporades el paper de &#8220;La\u00a0Vicenteta&#8221; i l&#8217;acompanya en les seves gires on, m\u00e9s tard, comen\u00e7a a actuar amb ell.<\/p>\n<p>Col\u00b7labora\u00a0a programes de televisi\u00f3 com &#8220;Tres pics i repic\u00f3&#8221;, &#8220;Surti com surti&#8221;, &#8220;10 del 3&#8221;, &#8220;For\u00e7a Bar\u00e7a&#8221;&#8230; En cinema\u00a0col\u00b7labora\u00a0amb Ventura Pons i Antoni Verdaguer. Tamb\u00e9 treballa a la\u00a0r\u00e0dio\u00a0amb programes\u00a0d&#8217;Onda\u00a0Cero, Cadena Nova,\u00a0R\u00e0dio\u00a0Miramar, o grava promocions pels partits del Bar\u00e7a a Catalunya\u00a0R\u00e0dio\u00a0,\u00a0sota la direcci\u00f3 de Joaquim Maria\u00a0Puyal.<\/p>\n<p>L&#8217;any 1992, junt amb altres dos socis, obre el &#8220;Caf\u00e8\u00a0Teatre del Poble&#8221;, al poble espanyol de\u00a0Montju\u00efc, on\u00a0es\u00a0el mestre de\u00a0cerim\u00f2nies-presentador.<\/p>\n<p>Des de l&#8217;any 1997\u00a0co-dirigeix l&#8217;Escola d&#8217;Actors de Barcelona (eab), on tamb\u00e9 \u00e9s professor, guionista i director.<br \/>\nCrea i dirigeix l&#8217;espectacle interactiu &#8220;La Masia Encantada&#8221; que\u00a0es\u00a0representat al llarg de \u00a03 anys.<br \/>\nDurant 3 temporades\u00a0col\u00b7labora\u00a0a &#8220;La primera pedra&#8221; de\u00a0RAC1, dirigit per Jordi Margarit, amb l&#8217;espai &#8220;P\u00edndoles\u00a0de Felicitat&#8221;.<br \/>\nActualment ha escrit i est\u00e0 dirigint el musical &#8220;Vides de vidre&#8221;, amb Leila\u00a0Montes, que s&#8217;estrenar\u00e0 al maig del 2017, i est\u00e0 rellan\u00e7ant la seva carrera com a actor.<\/p>","protected":false},"excerpt":{"rendered":"<p>Nascut a Pedreguer, Marina Alta (Alacant)\u00a0. Des de ben petit es dedica al teatre, la dansa i el cant, formant part&#8230; <a href=\"https:\/\/www.joanjgarcia.com\/ca\/biografia\/\">[+]<\/a><\/p>\n","protected":false},"author":2,"featured_media":0,"parent":0,"menu_order":1,"comment_status":"closed","ping_status":"closed","template":"","meta":{"footnotes":""},"class_list":["post-23","page","type-page","status-publish","hentry"],"_links":{"self":[{"href":"https:\/\/www.joanjgarcia.com\/ca\/wp-json\/wp\/v2\/pages\/23","targetHints":{"allow":["GET"]}}],"collection":[{"href":"https:\/\/www.joanjgarcia.com\/ca\/wp-json\/wp\/v2\/pages"}],"about":[{"href":"https:\/\/www.joanjgarcia.com\/ca\/wp-json\/wp\/v2\/types\/page"}],"author":[{"embeddable":true,"href":"https:\/\/www.joanjgarcia.com\/ca\/wp-json\/wp\/v2\/users\/2"}],"replies":[{"embeddable":true,"href":"https:\/\/www.joanjgarcia.com\/ca\/wp-json\/wp\/v2\/comments?post=23"}],"version-history":[{"count":30,"href":"https:\/\/www.joanjgarcia.com\/ca\/wp-json\/wp\/v2\/pages\/23\/revisions"}],"predecessor-version":[{"id":291,"href":"https:\/\/www.joanjgarcia.com\/ca\/wp-json\/wp\/v2\/pages\/23\/revisions\/291"}],"wp:attachment":[{"href":"https:\/\/www.joanjgarcia.com\/ca\/wp-json\/wp\/v2\/media?parent=23"}],"curies":[{"name":"wp","href":"https:\/\/api.w.org\/{rel}","templated":true}]}}