{"id":238,"date":"2015-10-19T22:15:12","date_gmt":"2015-10-19T20:15:12","guid":{"rendered":"http:\/\/www.joanjgarcia.com\/?page_id=238"},"modified":"2017-02-07T13:07:44","modified_gmt":"2017-02-07T12:07:44","slug":"avis-legal","status":"publish","type":"page","link":"http:\/\/www.joanjgarcia.com\/ca\/avis-legal\/","title":{"rendered":"Av\u00eds Legal"},"content":{"rendered":"<p>L&#8217;informem que l&#8217;acc\u00e9s i \u00fas d&#8217;aquesta p\u00e0gina web est\u00e0 subjecte a les presents condicions d&#8217;\u00fas, recomanant-li que les llegeixi atentament ja que el fet d&#8217;accedir i usar aquesta p\u00e0gina implica la seva acceptaci\u00f3. L&#8217;usuari es compromet a utilitzar la p\u00e0gina web de conformitat amb la llei, el present av\u00eds legal, reglaments i instruccions posats en el seu coneixement, aix\u00ed com la moral, els bons costums generalment acceptats i l&#8217;ordre p\u00fablic.<\/p>\n<p>Tots els drets de propietat intel\u00b7lectual del contingut d&#8217;aquesta p\u00e0gina web, el seu disseny gr\u00e0fic i domini, s\u00f3n propietat exclusiva de Joan J. Garcia i \u00e9s a qui li correspon l&#8217;exercici exclusiu dels drets d&#8217;explotaci\u00f3 dels mateixos. Tot aquest material est\u00e0 protegit per la legislaci\u00f3 de protecci\u00f3 de la propietat intel\u00b7lectual i el seu \u00fas indegut pot ser objecte de sancions, fins i tot penals d&#8217;acord amb l&#8217;Article 270 del vigent Codi Penal. Joan J. Garcia\u00a0no ser\u00e0 responsable de la informaci\u00f3 que es pot obtenir a trav\u00e9s d&#8217;enlla\u00e7os o que provingui de fonts alienes. La pres\u00e8ncia d&#8217;aquests enlla\u00e7os t\u00e9 una finalitat merament informativa. Joan J. Garcia\u00a0tampoc es responsabilitza del mal \u00fas que es realitzi dels continguts de la seva p\u00e0gina web, sent exclusiva responsabilitat de la persona que accedeix a ells o els utilitza.<\/p>\n<h2>Pol\u00edtica de Privacitat<\/h2>\n<p>En compliment del que disposa l&#8217;article 5 de la Llei Org\u00e0nica 15\/1999 del 13 de desembre de Protecci\u00f3 de Dades de Car\u00e0cter Personal (LOPD), l&#8217;informem que les dades de car\u00e0cter personal que ens proporcioni omplint el formulari de registre electr\u00f2nic de aquesta p\u00e0gina web, es recolliran en un fitxer de titularitat pr\u00f2pia, amb la finalitat de prestar-li els serveis que sol\u00b7liciti, mantenir-lo informat de novetats que podrien ser del seu inter\u00e8s i avisos importants. Si no introdueix les dades de car\u00e0cter personal que apareixen al formulari com a obligatoris, podr\u00e0 tenir com a conseq\u00fc\u00e8ncia que no puguem atendre la seva sol\u00b7licitud. Li garantim la confidencialitat de les dades de car\u00e0cter personal i ens comprometem a tractar d&#8217;una manera absolutament confidencial dites dades i a utilitzar-los nom\u00e9s per a les finalitats indicades.<\/p>\n<p>En virtut del que disposa l&#8217;Article 15 i seg\u00fcents de la LOPD i en els termes de l&#8217;el seu Reglament d&#8217;Execuci\u00f3 (R.D. 1720\/2007 del 21 de desembre), en qualsevol moment podr\u00e0 exercitar els seus drets d&#8217;acc\u00e9s, rectificaci\u00f3, cancel\u00b7laci\u00f3 i oposici\u00f3, dirigint-se per escrit a <a href=\"mailto:info@joanjgarcia.com\">info@joanjgarcia.com<\/a>. Amb l&#8217;acceptaci\u00f3 d&#8217;aquest av\u00eds legal, reconeix que la informaci\u00f3 i les dades personals recollides s\u00f3n exactes i veraces.<\/p>\n<h2>Pol\u00edtica de Cookies<\/h2>\n<p>L&#8217;informem que la nostra p\u00e0gina web utilitza cookies per analitzar la navegaci\u00f3 d&#8217;usuaris. Un cookie \u00e9s un petit arxiu de text que una p\u00e0gina web emmagatzema en el navegador de l&#8217;usuari. Les cookies faciliten l&#8217;\u00fas i la navegaci\u00f3 per una p\u00e0gina web i s\u00f3n essencials per al funcionament d&#8217;internet, aportant innombrables avantatges en la prestaci\u00f3 de serveis interactius. Utilitzem cookies no nom\u00e9s pels nostres interessos, sin\u00f3 tamb\u00e9 per millorar el funcionament de la p\u00e0gina web i poder oferir-li la millor experi\u00e8ncia de navegaci\u00f3.<\/p>\n<p>Per permetre, con\u00e8ixer, bloquejar o eliminar les cookies instal\u00b7lades en el seu equip pot fer-ho mitjan\u00e7ant la configuraci\u00f3 de les opcions del navegador en el vostre ordinador. Podeu trobar informaci\u00f3 sobre com fer-ho en el cas que faci servir com a navegador: <a href=\"http:\/\/support.mozilla.org\/es\/kb\/habilitar-y-deshabilitar-cookies-que-los-sitios-we\" target=\"_blank\">Firefox<\/a>, <a href=\"http:\/\/support.google.com\/chrome\/bin\/answer.py?hl=es&amp;answer=95647\" target=\"_blank\">Chrome<\/a>, <a href=\"http:\/\/windows.microsoft.com\/es-es\/windows7\/how-to-manage-cookies-in-internet-explorer-9\" target=\"_blank\">Internet Explorer<\/a>, <a href=\"http:\/\/support.apple.com\/kb\/PH19214?viewlocale=es_ES&amp;locale=es_ES\" target=\"_blank\">Safari<\/a>\u00a0o <a href=\"http:\/\/help.opera.com\/Windows\/11.50\/es-ES\/cookies.html\" target=\"_blank\">Opera<\/a>.<\/p>\n<p>Els tipus de cookies que utilitza aquesta p\u00e0gina web s\u00f3n:<\/p>\n<p>Cookies de Personalitzaci\u00f3: la seva funci\u00f3 \u00e9s millorar la facilitat d&#8217;\u00fas de la p\u00e0gina web als usuaris i permeten personalitzar les funcions o continguts de la p\u00e0gina web en funci\u00f3 de les dades obtingudes del navegador, com ara prefer\u00e8ncies d&#8217;idioma i el tipus de navegador o dispositiu a trav\u00e9s del qual s&#8217;accedeix.<\/p>\n<p>Cookies d&#8217;An\u00e0lisi: la seva funci\u00f3 \u00e9s recopilar informaci\u00f3 sobre com els usuaris naveguen a la nostra p\u00e0gina web. Utilitzem la informaci\u00f3 per elaborar informes i ajudar a millorar la p\u00e0gina. Les cookies recopilen informaci\u00f3 de forma an\u00f2nima, incloent el nombre de visitants, d&#8217;on v\u00e9nen i la informaci\u00f3 que han visitat a la nostra p\u00e0gina web. Consulti el seu funcionament en <a href=\"http:\/\/www.google.com\/analytics\/\" target=\"_blank\">Google Analytics<\/a>\u00a0i la seva <a href=\"http:\/\/www.google.com\/analytics\/learn\/privacy.html?hl=es\" target=\"_blank\">pol\u00edtica de privacitat<\/a>.<\/p>\n<p>Cookies de Tercers: utilitzem plugins socials i la seva funci\u00f3 \u00e9s permetre a l&#8217;usuari compartir el contingut de la p\u00e0gina web en les xarxes socials. Els plugins s&#8217;identifiquen amb el logotip dels mateixos. Les dades recollides a trav\u00e9s dels plugins socials estan determinats exclusivament per aquest tercer. Per obtenir informaci\u00f3 sobre aquestes cookies o con\u00e8ixer quines dades recopilen consulteu la pol\u00edtica de privacitat de cada xarxa social: <a href=\"http:\/\/www.facebook.com\/help\/cookies\" target=\"_blank\">Facebook<\/a>, <a href=\"http:\/\/twitter.com\/privacy?lang=es\" target=\"_blank\">Twitter<\/a>, <a href=\"http:\/\/www.google.com\/intl\/es\/policies\/technologies\/cookies\/\" target=\"_blank\">Google+<\/a>\u00a0i <a href=\"http:\/\/www.google.com\/intl\/es\/policies\/technologies\/cookies\/\" target=\"_blank\">YouTube<\/a>.<\/p>\n<p>Aquestes aplicacions han estat desenvolupades per tercers, que presten el servei d&#8217;an\u00e0lisi de l&#8217;audi\u00e8ncia de la p\u00e0gina web. Aquestes empreses poden utilitzar aquestes dades per millorar els seus propis serveis i per oferir serveis a altres empreses. Pot con\u00e8ixer aquests altres usos des dels enlla\u00e7os indicats. Aquestes eines no obtenen dades dels noms o cognoms dels usuaris ni de la direcci\u00f3 postal des d&#8217;on es connecten. La informaci\u00f3 que obt\u00e9 esta relacionada, per exemple, amb el nombre de p\u00e0gines visitades, l&#8217;idioma, xarxa social en la qual es comparteix el contingut, la ciutat a la qual est\u00e0 assignada l&#8217;adre\u00e7a IP des de la qual accedeixen els usuaris, el nombre de usuaris que visiten la p\u00e0gina web, la freq\u00fc\u00e8ncia i reincid\u00e8ncia de les visites, el temps de visita, el navegador que fan servir, l&#8217;operador o dispositiu des del qual es realitza la visita.<\/p>\n<p>L&#8217;usuari accepta expressament, per la utilitzaci\u00f3 d&#8217;aquesta p\u00e0gina web, el tractament de la informaci\u00f3 recollida en la forma i amb els fins anteriorment esmentats. I aix\u00ed mateix reconeix con\u00e8ixer la possibilitat de rebutjar el tractament d&#8217;aquestes dades o informaci\u00f3 rebutjant l&#8217;\u00fas de cookies mitjan\u00e7ant la selecci\u00f3 de la configuraci\u00f3 apropiada a tal fi en el seu navegador. Si b\u00e9 aquesta opci\u00f3 de bloqueig de cookies al seu navegador pot no permetre-li l&#8217;\u00fas ple de totes les funcionalitats de la p\u00e0gina web.<\/p>\n<p>Els usuaris d&#8217;aquesta p\u00e0gina web s\u00f3n conscients de tot el exposat i ho accepten volunt\u00e0riament.<\/p>","protected":false},"excerpt":{"rendered":"<p>L&#8217;informem que l&#8217;acc\u00e9s i \u00fas d&#8217;aquesta p\u00e0gina web est\u00e0 subjecte a les presents condicions d&#8217;\u00fas, recomanant-li que les llegeixi atentament ja&#8230; <a href=\"http:\/\/www.joanjgarcia.com\/ca\/avis-legal\/\">[+]<\/a><\/p>\n","protected":false},"author":1,"featured_media":0,"parent":0,"menu_order":5,"comment_status":"closed","ping_status":"closed","template":"","meta":{"footnotes":""},"class_list":["post-238","page","type-page","status-publish","hentry"],"_links":{"self":[{"href":"http:\/\/www.joanjgarcia.com\/ca\/wp-json\/wp\/v2\/pages\/238","targetHints":{"allow":["GET"]}}],"collection":[{"href":"http:\/\/www.joanjgarcia.com\/ca\/wp-json\/wp\/v2\/pages"}],"about":[{"href":"http:\/\/www.joanjgarcia.com\/ca\/wp-json\/wp\/v2\/types\/page"}],"author":[{"embeddable":true,"href":"http:\/\/www.joanjgarcia.com\/ca\/wp-json\/wp\/v2\/users\/1"}],"replies":[{"embeddable":true,"href":"http:\/\/www.joanjgarcia.com\/ca\/wp-json\/wp\/v2\/comments?post=238"}],"version-history":[{"count":3,"href":"http:\/\/www.joanjgarcia.com\/ca\/wp-json\/wp\/v2\/pages\/238\/revisions"}],"predecessor-version":[{"id":280,"href":"http:\/\/www.joanjgarcia.com\/ca\/wp-json\/wp\/v2\/pages\/238\/revisions\/280"}],"wp:attachment":[{"href":"http:\/\/www.joanjgarcia.com\/ca\/wp-json\/wp\/v2\/media?parent=238"}],"curies":[{"name":"wp","href":"https:\/\/api.w.org\/{rel}","templated":true}]}}